{"id":26,"date":"2025-01-09T16:27:18","date_gmt":"2025-01-09T21:27:18","guid":{"rendered":"https:\/\/cienciadigitaleditorial.com\/congresos\/?page_id=26"},"modified":"2025-10-22T17:02:14","modified_gmt":"2025-10-22T22:02:14","slug":"informacion","status":"publish","type":"page","link":"https:\/\/cienciadigitaleditorial.com\/congresos\/informacion\/","title":{"rendered":"Informacion"},"content":{"rendered":"\t\t<div data-elementor-type=\"wp-page\" data-elementor-id=\"26\" class=\"elementor elementor-26\">\n\t\t\t\t<div class=\"elementor-element elementor-element-6c16189a e-flex e-con-boxed e-con e-parent\" data-id=\"6c16189a\" data-element_type=\"container\" id=\"xs_accor_gradient_color\" data-settings=\"{&quot;background_background&quot;:&quot;classic&quot;}\">\n\t\t\t\t\t<div class=\"e-con-inner\">\n\t\t\t\t<div class=\"elementor-element elementor-element-5b5da5bf elementor-widget__width-initial elementor-widget elementor-widget-elementskit-heading\" data-id=\"5b5da5bf\" data-element_type=\"widget\" data-widget_type=\"elementskit-heading.default\">\n\t\t\t\t<div class=\"elementor-widget-container\">\n\t\t\t\t\t<div class=\"ekit-wid-con\" ><div class=\"ekit-heading elementskit-section-title-wraper text_left   ekit_heading_tablet-   ekit_heading_mobile-\"><h2 class=\"ekit-heading--title elementskit-section-title \">INSPIRA 2025<\/h2><div class=\"ekit_heading_separetor_wraper ekit_heading_elementskit-border-divider\"><div class=\"elementskit-border-divider\"><\/div><\/div>\t\t\t\t<div class='ekit-heading__description'>\n\t\t\t\t\t<p>CONGRESO INTERNACIONAL EN EDUCACI\u00d3N<\/p>\n\t\t\t\t<\/div>\n\t\t\t<\/div><\/div>\t\t\t\t<\/div>\n\t\t\t\t<\/div>\n\t\t\t\t<div class=\"elementor-element elementor-element-6f1c00a2 elementor-widget__width-initial elementor-widget elementor-widget-elementskit-accordion\" data-id=\"6f1c00a2\" data-element_type=\"widget\" data-widget_type=\"elementskit-accordion.default\">\n\t\t\t\t<div class=\"elementor-widget-container\">\n\t\t\t\t\t<div class=\"ekit-wid-con\" >\n        <div class=\"elementskit-accordion accoedion-primary\" id=\"accordion-69dbc18b87307\">\n\n            \n                <div class=\"elementskit-card active\">\n                    <div class=\"elementskit-card-header\" id=\"primaryHeading-0-6f1c00a2\">\n                        <a href=\"#collapse-bc2283069dbc18b87307\" class=\"ekit-accordion--toggler elementskit-btn-link collapsed\" data-ekit-toggle=\"collapse\" data-target=\"#Collapse-bc2283069dbc18b87307\" aria-expanded=\"true\" aria-controls=\"Collapse-bc2283069dbc18b87307\">\n                            \n                                <span class=\"number\"><\/span>\n\n                            \n                            <span class=\"ekit-accordion-title\">Visi\u00f3n<\/span>\n\n                            \n                                <div class=\"ekit_accordion_icon_group\">\n                                    <div class=\"ekit_accordion_normal_icon\">\n                                        <!-- Normal Icon -->\n\t\t\t\t\t\t\t\t\t\t<i class=\"icon icon-down-arrow1\"><\/i>                                    <\/div>\n\n                                    <div class=\"ekit_accordion_active_icon\">\n                                        <!-- Active Icon -->\n\t\t\t\t\t\t\t\t\t\t<i class=\"icon icon-up-arrow\"><\/i>                                    <\/div>\n                                <\/div>\n\n                            \n                                                    <\/a>\n                    <\/div>\n\n                    <div id=\"Collapse-bc2283069dbc18b87307\" class=\" show collapse\" aria-labelledby=\"primaryHeading-0-6f1c00a2\" data-parent=\"#accordion-69dbc18b87307\">\n\n                        <div class=\"elementskit-card-body ekit-accordion--content\">\n                            <p>\u00a0<\/p><p>Ser un referente internacional en el \u00e1mbito de la educaci\u00f3n virtual y la innovaci\u00f3n pedag\u00f3gica, consolidando una comunidad acad\u00e9mica comprometida con la transformaci\u00f3n educativa mediante el uso de tecnolog\u00edas, metodolog\u00edas activas y enfoques interdisciplinarios que respondan a los desaf\u00edos del siglo XXI.<\/p>                        <\/div>\n\n                    <\/div>\n\n                <\/div><!-- .elementskit-card END -->\n\n                \n                <div class=\"elementskit-card \">\n                    <div class=\"elementskit-card-header\" id=\"primaryHeading-1-6f1c00a2\">\n                        <a href=\"#collapse-8417e7169dbc18b87307\" class=\"ekit-accordion--toggler elementskit-btn-link collapsed\" data-ekit-toggle=\"collapse\" data-target=\"#Collapse-8417e7169dbc18b87307\" aria-expanded=\"false\" aria-controls=\"Collapse-8417e7169dbc18b87307\">\n                            \n                                <span class=\"number\"><\/span>\n\n                            \n                            <span class=\"ekit-accordion-title\">Misi\u00f3n<\/span>\n\n                            \n                                <div class=\"ekit_accordion_icon_group\">\n                                    <div class=\"ekit_accordion_normal_icon\">\n                                        <!-- Normal Icon -->\n\t\t\t\t\t\t\t\t\t\t<i class=\"icon icon-down-arrow1\"><\/i>                                    <\/div>\n\n                                    <div class=\"ekit_accordion_active_icon\">\n                                        <!-- Active Icon -->\n\t\t\t\t\t\t\t\t\t\t<i class=\"icon icon-up-arrow\"><\/i>                                    <\/div>\n                                <\/div>\n\n                            \n                                                    <\/a>\n                    <\/div>\n\n                    <div id=\"Collapse-8417e7169dbc18b87307\" class=\" collapse\" aria-labelledby=\"primaryHeading-1-6f1c00a2\" data-parent=\"#accordion-69dbc18b87307\">\n\n                        <div class=\"elementskit-card-body ekit-accordion--content\">\n                            <p>\u00a0<\/p><p>El Congreso Virtual de Educaci\u00f3n tiene como misi\u00f3n promover el intercambio de conocimientos, experiencias e innovaciones pedag\u00f3gicas entre docentes, investigadores y estudiantes, impulsando la mejora continua de los procesos de ense\u00f1anza-aprendizaje. A trav\u00e9s de espacios virtuales de di\u00e1logo y reflexi\u00f3n, se busca fortalecer la formaci\u00f3n docente y fomentar una educaci\u00f3n inclusiva, equitativa y de calidad en el contexto digital contempor\u00e1neo.<\/p>                        <\/div>\n\n                    <\/div>\n\n                <\/div><!-- .elementskit-card END -->\n\n                \n                <div class=\"elementskit-card \">\n                    <div class=\"elementskit-card-header\" id=\"primaryHeading-2-6f1c00a2\">\n                        <a href=\"#collapse-3dad4e069dbc18b87307\" class=\"ekit-accordion--toggler elementskit-btn-link collapsed\" data-ekit-toggle=\"collapse\" data-target=\"#Collapse-3dad4e069dbc18b87307\" aria-expanded=\"false\" aria-controls=\"Collapse-3dad4e069dbc18b87307\">\n                            \n                                <span class=\"number\"><\/span>\n\n                            \n                            <span class=\"ekit-accordion-title\">Tem\u00e1ticas a Desarrollar<\/span>\n\n                            \n                                <div class=\"ekit_accordion_icon_group\">\n                                    <div class=\"ekit_accordion_normal_icon\">\n                                        <!-- Normal Icon -->\n\t\t\t\t\t\t\t\t\t\t<i class=\"icon icon-down-arrow1\"><\/i>                                    <\/div>\n\n                                    <div class=\"ekit_accordion_active_icon\">\n                                        <!-- Active Icon -->\n\t\t\t\t\t\t\t\t\t\t<i class=\"icon icon-up-arrow\"><\/i>                                    <\/div>\n                                <\/div>\n\n                            \n                                                    <\/a>\n                    <\/div>\n\n                    <div id=\"Collapse-3dad4e069dbc18b87307\" class=\" collapse\" aria-labelledby=\"primaryHeading-2-6f1c00a2\" data-parent=\"#accordion-69dbc18b87307\">\n\n                        <div class=\"elementskit-card-body ekit-accordion--content\">\n                            <ul><li><p><strong>Innovaci\u00f3n educativa y transformaci\u00f3n digital<\/strong><\/p><ul><li><p>Integraci\u00f3n de las TIC en el aula.<\/p><\/li><li><p>Inteligencia artificial y recursos digitales en la educaci\u00f3n.<\/p><\/li><li><p>Plataformas virtuales y entornos de aprendizaje inmersivos.<\/p><\/li><\/ul><\/li><li><p><strong>Metodolog\u00edas activas y aprendizaje significativo<\/strong><\/p><ul><li><p>Aula invertida, aprendizaje basado en proyectos y gamificaci\u00f3n.<\/p><\/li><li><p>Estrategias para fomentar el pensamiento cr\u00edtico y creativo.<\/p><\/li><li><p>Evaluaci\u00f3n formativa y competencias del siglo XXI.<\/p><\/li><\/ul><\/li><li><p><strong>Educaci\u00f3n inclusiva y equidad<\/strong><\/p><ul><li><p>Atenci\u00f3n a la diversidad y accesibilidad digital.<\/p><\/li><li><p>Estrategias pedag\u00f3gicas para contextos rurales y vulnerables.<\/p><\/li><li><p>Educaci\u00f3n emocional y bienestar docente.<\/p><\/li><\/ul><\/li><li><p><strong>Investigaci\u00f3n e innovaci\u00f3n pedag\u00f3gica<\/strong><\/p><ul><li><p>Proyectos educativos basados en evidencias.<\/p><\/li><li><p>Nuevas perspectivas en la formaci\u00f3n docente e investigaci\u00f3n educativa.<\/p><\/li><li><p>\u00c9tica, sostenibilidad y responsabilidad social en la educaci\u00f3n.<\/p><\/li><\/ul><\/li><li><p><strong>Educaci\u00f3n STEM y sostenibilidad<\/strong><\/p><ul><li><p>Integraci\u00f3n de la ciencia, tecnolog\u00eda, ingenier\u00eda y matem\u00e1ticas.<\/p><\/li><li><p>Educaci\u00f3n ambiental y desarrollo sostenible.<\/p><\/li><li><p>Experiencias pr\u00e1cticas y proyectos interdisciplinarios.<\/p><\/li><\/ul><\/li><\/ul>                        <\/div>\n\n                    <\/div>\n\n                <\/div><!-- .elementskit-card END -->\n\n                                        <\/div>\n    <\/div>\t\t\t\t<\/div>\n\t\t\t\t<\/div>\n\t\t\t\t\t<\/div>\n\t\t\t\t<\/div>\n\t\t\t\t<\/div>\n\t\t","protected":false},"excerpt":{"rendered":"<p>INSPIRA 2025 CONGRESO INTERNACIONAL EN EDUCACI\u00d3N Visi\u00f3n \u00a0 Ser un referente internacional en el \u00e1mbito de la educaci\u00f3n virtual y la innovaci\u00f3n pedag\u00f3gica, consolidando una comunidad acad\u00e9mica comprometida con la transformaci\u00f3n educativa mediante el uso de tecnolog\u00edas, metodolog\u00edas activas y enfoques interdisciplinarios que respondan a los desaf\u00edos del siglo XXI. Misi\u00f3n \u00a0 El Congreso Virtual de Educaci\u00f3n tiene como misi\u00f3n [&hellip;]<\/p>\n","protected":false},"author":1,"featured_media":0,"parent":0,"menu_order":0,"comment_status":"closed","ping_status":"closed","template":"elementor_header_footer","meta":{"footnotes":""},"class_list":["post-26","page","type-page","status-publish","hentry"],"_links":{"self":[{"href":"https:\/\/cienciadigitaleditorial.com\/congresos\/wp-json\/wp\/v2\/pages\/26","targetHints":{"allow":["GET"]}}],"collection":[{"href":"https:\/\/cienciadigitaleditorial.com\/congresos\/wp-json\/wp\/v2\/pages"}],"about":[{"href":"https:\/\/cienciadigitaleditorial.com\/congresos\/wp-json\/wp\/v2\/types\/page"}],"author":[{"embeddable":true,"href":"https:\/\/cienciadigitaleditorial.com\/congresos\/wp-json\/wp\/v2\/users\/1"}],"replies":[{"embeddable":true,"href":"https:\/\/cienciadigitaleditorial.com\/congresos\/wp-json\/wp\/v2\/comments?post=26"}],"version-history":[{"count":10,"href":"https:\/\/cienciadigitaleditorial.com\/congresos\/wp-json\/wp\/v2\/pages\/26\/revisions"}],"predecessor-version":[{"id":662,"href":"https:\/\/cienciadigitaleditorial.com\/congresos\/wp-json\/wp\/v2\/pages\/26\/revisions\/662"}],"wp:attachment":[{"href":"https:\/\/cienciadigitaleditorial.com\/congresos\/wp-json\/wp\/v2\/media?parent=26"}],"curies":[{"name":"wp","href":"https:\/\/api.w.org\/{rel}","templated":true}]}}