{"id":28,"date":"2025-01-09T16:27:37","date_gmt":"2025-01-09T21:27:37","guid":{"rendered":"https:\/\/cienciadigitaleditorial.com\/congresos\/?page_id=28"},"modified":"2025-06-09T17:09:32","modified_gmt":"2025-06-09T22:09:32","slug":"ponentes","status":"publish","type":"page","link":"https:\/\/cienciadigitaleditorial.com\/congresos\/ponentes\/","title":{"rendered":"Ponentes"},"content":{"rendered":"\t\t<div data-elementor-type=\"wp-page\" data-elementor-id=\"28\" class=\"elementor elementor-28\">\n\t\t\t\t<div class=\"elementor-element elementor-element-21dac647 e-flex e-con-boxed e-con e-parent\" data-id=\"21dac647\" data-element_type=\"container\" id=\"xs_team_9\">\n\t\t\t\t\t<div class=\"e-con-inner\">\n\t\t\t\t<div class=\"elementor-element elementor-element-1f4cc815 elementor-widget elementor-widget-elementskit-heading\" data-id=\"1f4cc815\" data-element_type=\"widget\" data-widget_type=\"elementskit-heading.default\">\n\t\t\t\t<div class=\"elementor-widget-container\">\n\t\t\t\t\t<div class=\"ekit-wid-con\" ><div class=\"ekit-heading elementskit-section-title-wraper center   ekit_heading_tablet-   ekit_heading_mobile-\"><h3 class=\"ekit-heading--title elementskit-section-title \">Expertos en su campo, l\u00edderes en conocimiento..<\/h3>\t\t\t\t<div class='ekit-heading__description'>\n\t\t\t\t\t<p>Nuestros ponentes son reconocidos profesionales, investigadores y l\u00edderes en las \u00e1reas de coaching, educaci\u00f3n, innovaci\u00f3n, tecnolog\u00eda y marketing.<\/p>\n\t\t\t\t<\/div>\n\t\t\t<div class=\"ekit_heading_separetor_wraper ekit_heading_elementskit-border-divider\"><div class=\"elementskit-border-divider\"><\/div><\/div><\/div><\/div>\t\t\t\t<\/div>\n\t\t\t\t<\/div>\n\t\t<div class=\"elementor-element elementor-element-4cb0a551 e-con-full e-grid e-con e-child\" data-id=\"4cb0a551\" data-element_type=\"container\">\n\t\t\t\t<div class=\"elementor-element elementor-element-2664980d elementor-widget elementor-widget-elementskit-team\" data-id=\"2664980d\" data-element_type=\"widget\" data-widget_type=\"elementskit-team.default\">\n\t\t\t\t<div class=\"elementor-widget-container\">\n\t\t\t\t\t<div class=\"ekit-wid-con\">\t\t\t\t\t\t <div class=\"profile-square-v square-v6 no_gutters\"> \t\t\n\t\t<div class=\"profile-card elementor-animation- text-center ekit-team-style-long_height_details\">\n\t\t\t\t\t\t\t<a aria-label=\"profile\" href=\"javascript:void(0)\" data-mfp-src=\"#ekit_team_modal_2664980d_28\" class=\"ekit-team-popup\">\n\t\t\t\t\t\t\n\t\t\t\t<div class=\"profile-header ekit-team-img \"  data-toggle=\"modal\" data-target=\"ekit_team_modal_#2664980d_28\" >\n\t\t\t\t\t<img fetchpriority=\"high\" decoding=\"async\" width=\"382\" height=\"400\" src=\"https:\/\/cienciadigitaleditorial.com\/congresos\/wp-content\/uploads\/2025\/01\/WhatsApp-Image-2025-01-29-at-8.27.34-PM-382x400.jpeg\" class=\"attachment-bizberg_detail_image size-bizberg_detail_image wp-image-289\" alt=\"\" \/>\t\t\t\t<\/div><!-- .profile-header END -->\n\t\t\t\t\t\t\t<\/a>\n\t\t\t\t\t\t\n\n\t\t\t\t<div class=\"profile-body\">\n\t\t\t\t\t\n\t\t\t\t\t<h2 class=\"profile-title\">\n\t\t\t\t\t\t\t\t\t\t\t<a aria-label=\"profile\" href=\"javascript:void(0)\" data-mfp-src=\"#ekit_team_modal_2664980d_28\" class=\"ekit-team-popup\">\n\t\t\t\t\t\tDr. Juan Eduardo Anzules Ballesteros\t\t\t\t\t\t<\/a>\n\t\t\t\t\t\t\t\t\t\t\t<\/h2>\n\t\t\t\t\t<p class=\"profile-designation\">Doctor en Teolog\u00eda \u2022 Ph.D. (E) Filosof\u00eda &amp; Liderazgo Educativo<\/p>\n\t\t\t\t\t\t\t\t\t<\/div><!-- .profile-body END -->\n\n\t\t\t\t\t\t\t\t\t<div class=\"profile-footer\">\n\t\t\t\t\t\t<ul class=\"ekit-team-social-list\">\n\t\t\t<li class=\"elementor-repeater-item-1ee3eff\">\n\t\t\t<a href=\"https:\/\/drive.google.com\/file\/d\/1Gc3RXRMsDB---_KRMzVmegUGlNdYwKln\/view?usp=sharing\" target=\"_blank\" aria-label=\"Facebook\">\n\t\t\t\t<i aria-hidden=\"true\" class=\"icon icon-Profile\"><\/i>\t\t\t<\/a>\n\t\t<\/li>\n\t<\/ul>\n\t\t\t\t\t<\/div>\n\t\t\t\t\t\t\t\t\t<\/div>\n\t\t\t\t <\/div> \t\t\t\n\t\t\t\n\t\t\t\t\t<div class=\"zoom-anim-dialog mfp-hide elementskit-team-popup team-popup-id-2664980d\" id=\"ekit_team_modal_2664980d_28\" tabindex=\"-1\" role=\"dialog\" aria-hidden=\"true\">\n\t\t\t\t<div class=\"modal-dialog modal-dialog-centered\" role=\"document\">\n\t\t\t\t\t<div class=\"modal-content\">\n\t\t\t\t\t\t<button type=\"button\" class=\"ekit-team-modal-close\">\n\t\t\t\t\t\t\t<svg aria-hidden=\"true\" class=\"e-font-icon-svg e-fas-times\" viewBox=\"0 0 352 512\" xmlns=\"http:\/\/www.w3.org\/2000\/svg\"><path d=\"M242.72 256l100.07-100.07c12.28-12.28 12.28-32.19 0-44.48l-22.24-22.24c-12.28-12.28-32.19-12.28-44.48 0L176 189.28 75.93 89.21c-12.28-12.28-32.19-12.28-44.48 0L9.21 111.45c-12.28 12.28-12.28 32.19 0 44.48L109.28 256 9.21 356.07c-12.28 12.28-12.28 32.19 0 44.48l22.24 22.24c12.28 12.28 32.2 12.28 44.48 0L176 322.72l100.07 100.07c12.28 12.28 32.2 12.28 44.48 0l22.24-22.24c12.28-12.28 12.28-32.19 0-44.48L242.72 256z\"><\/path><\/svg>\t\t\t\t\t\t<\/button>\n\n\t\t\t\t\t\t<div class=\"modal-body\">\n\t\t\t\t\t\t\t\t\t\t\t\t\t\t\t<div class=\"ekit-team-modal-img\">\n\t\t\t\t\t\t\t\t\t<img fetchpriority=\"high\" decoding=\"async\" width=\"382\" height=\"400\" src=\"https:\/\/cienciadigitaleditorial.com\/congresos\/wp-content\/uploads\/2025\/01\/WhatsApp-Image-2025-01-29-at-8.27.34-PM-382x400.jpeg\" class=\"attachment-bizberg_detail_image size-bizberg_detail_image wp-image-289\" alt=\"\" \/>\t\t\t\t\t\t\t\t<\/div>\n\t\t\t\t\t\t\t\n\t\t\t\t\t\t\t<div class=\"ekit-team-modal-info has-img\">\n\t\t\t\t\t\t\t\t<h2 class=\"ekit-team-modal-title\">Dr. Juan Eduardo Anzules Ballesteros<\/h2>\n\t\t\t\t\t\t\t\t<p class=\"ekit-team-modal-position\">Doctor en Teolog\u00eda \u2022 Ph.D. (E) Filosof\u00eda &amp; Liderazgo Educativo<\/p>\n\t\t\t\t\t\t\t\t\n\t\t\t\t\t\t\t\t<div class=\"ekit-team-modal-content\">\n\t\t\t\t\t\t\t\t\t\u2022 Doctor en Teolog\u00eda\n\u2022 Ph.D. (E) Filosof\u00eda &amp; Liderazgo Educativo\n\u2022 Magister en Mercadotecnia &amp; Gesti\u00f3n Digital\n\u2022 Licenciado en Educaci\u00f3n en Inform\u00e1tica\n\u2022 Profesor de Segunda Ense\u00f1anza en Inform\u00e1tica\n\u2022 Tecn\u00f3logo Pedag\u00f3gico en Inform\u00e1tica\n\t\t\t\t\t\t\t\t<\/div>\n\n\t\t\t\t\t\t\t\t\t\t\t\t\t\t\t\t\t<ul class=\"ekit-team-modal-list\">\n\t\t\t\t\t\t\t\t\t\t\t\t\t\t\t\t\t\t\t\t\t<li><strong>Phone:<\/strong><a href=\"tel:0991996487\">0991996487<\/a><\/li>\n\t\t\t\t\t\t\t\t\t\t\n\t\t\t\t\t\t\t\t\t\t\t\t\t\t\t\t\t\t\t\t\t<li><strong>Email:<\/strong><a href=\"mailto:evangelista-anzules@hotmail.com\">evangelista-anzules@hotmail.com<\/a><\/li>\n\t\t\t\t\t\t\t\t\t\t\t\t\t\t\t\t\t\t\t<\/ul>\n\t\t\t\t\t\t\t\t\t\t\t\t\t\t\t\t\n\t\t\t\t\t\t\t\t<ul class=\"ekit-team-social-list\">\n\t\t\t<li class=\"elementor-repeater-item-1ee3eff\">\n\t\t\t<a href=\"https:\/\/drive.google.com\/file\/d\/1Gc3RXRMsDB---_KRMzVmegUGlNdYwKln\/view?usp=sharing\" target=\"_blank\" aria-label=\"Facebook\">\n\t\t\t\t<i aria-hidden=\"true\" class=\"icon icon-Profile\"><\/i>\t\t\t<\/a>\n\t\t<\/li>\n\t<\/ul>\n\t\t\t\t\t\t\t<\/div>\n\t\t\t\t\t\t<\/div>\n\t\t\t\t\t<\/div>\n\t\t\t\t<\/div>\n\t\t\t<\/div>\n\t\t\t\t<\/div>\t\t\t\t<\/div>\n\t\t\t\t<\/div>\n\t\t\t\t<div class=\"elementor-element elementor-element-6dc47c8 elementor-widget elementor-widget-elementskit-team\" data-id=\"6dc47c8\" data-element_type=\"widget\" data-widget_type=\"elementskit-team.default\">\n\t\t\t\t<div class=\"elementor-widget-container\">\n\t\t\t\t\t<div class=\"ekit-wid-con\">\t\t\t\t\t\t <div class=\"profile-square-v square-v6 no_gutters\"> \t\t\n\t\t<div class=\"profile-card elementor-animation- text-center ekit-team-style-long_height_details\">\n\t\t\t\t\t\t\n\t\t\t\t<div class=\"profile-header ekit-team-img \" >\n\t\t\t\t\t<img decoding=\"async\" width=\"218\" height=\"218\" src=\"https:\/\/cienciadigitaleditorial.com\/congresos\/wp-content\/uploads\/2025\/01\/doctorfabricio.png\" class=\"attachment-2048x2048 size-2048x2048 wp-image-283\" alt=\"\" srcset=\"https:\/\/cienciadigitaleditorial.com\/congresos\/wp-content\/uploads\/2025\/01\/doctorfabricio.png 218w, https:\/\/cienciadigitaleditorial.com\/congresos\/wp-content\/uploads\/2025\/01\/doctorfabricio-150x150.png 150w\" sizes=\"(max-width: 218px) 100vw, 218px\" \/>\t\t\t\t<\/div><!-- .profile-header END -->\n\t\t\t\t\t\t\n\n\t\t\t\t<div class=\"profile-body\">\n\t\t\t\t\t\n\t\t\t\t\t<h2 class=\"profile-title\">\n\t\t\t\t\t\t\t\t\t\t\tDr. Fabrizzio Andrade\t\t\t\t\t\t\t\t\t\t<\/h2>\n\t\t\t\t\t<p class=\"profile-designation\">Marketing Digital &amp; Posicionamiento Web<\/p>\n\t\t\t\t\t\t\t\t\t<\/div><!-- .profile-body END -->\n\n\t\t\t\t\t\t\t\t\t<div class=\"profile-footer\">\n\t\t\t\t\t\t<ul class=\"ekit-team-social-list\">\n\t\t\t<li class=\"elementor-repeater-item-1ee3eff\">\n\t\t\t<a href=\"https:\/\/drive.google.com\/file\/d\/1Gc3RXRMsDB---_KRMzVmegUGlNdYwKln\/view?usp=sharing\" target=\"_blank\" aria-label=\"Facebook\">\n\t\t\t\t<i aria-hidden=\"true\" class=\"icon icon-Profile\"><\/i>\t\t\t<\/a>\n\t\t<\/li>\n\t<\/ul>\n\t\t\t\t\t<\/div>\n\t\t\t\t\t\t\t\t\t<\/div>\n\t\t\t\t <\/div> \t\t\t\n\t\t\t\n\t\t\t\t<\/div>\t\t\t\t<\/div>\n\t\t\t\t<\/div>\n\t\t\t\t<div class=\"elementor-element elementor-element-561fddf elementor-widget elementor-widget-elementskit-team\" data-id=\"561fddf\" data-element_type=\"widget\" data-widget_type=\"elementskit-team.default\">\n\t\t\t\t<div class=\"elementor-widget-container\">\n\t\t\t\t\t<div class=\"ekit-wid-con\">\t\t\t\t\t\t <div class=\"profile-square-v square-v6 no_gutters\"> \t\t\n\t\t<div class=\"profile-card elementor-animation- text-center ekit-team-style-long_height_details\">\n\t\t\t\t\t\t\t<a aria-label=\"profile\" href=\"javascript:void(0)\" data-mfp-src=\"#ekit_team_modal_561fddf_28\" class=\"ekit-team-popup\">\n\t\t\t\t\t\t\n\t\t\t\t<div class=\"profile-header ekit-team-img \"  data-toggle=\"modal\" data-target=\"ekit_team_modal_#561fddf_28\" >\n\t\t\t\t\t<img decoding=\"async\" width=\"300\" height=\"251\" src=\"https:\/\/cienciadigitaleditorial.com\/congresos\/wp-content\/uploads\/2025\/01\/WhatsApp-Image-2025-01-30-at-10.57.26-AM-300x251.jpeg\" class=\"attachment-medium size-medium wp-image-290\" alt=\"\" srcset=\"https:\/\/cienciadigitaleditorial.com\/congresos\/wp-content\/uploads\/2025\/01\/WhatsApp-Image-2025-01-30-at-10.57.26-AM-300x251.jpeg 300w, https:\/\/cienciadigitaleditorial.com\/congresos\/wp-content\/uploads\/2025\/01\/WhatsApp-Image-2025-01-30-at-10.57.26-AM-1024x858.jpeg 1024w, https:\/\/cienciadigitaleditorial.com\/congresos\/wp-content\/uploads\/2025\/01\/WhatsApp-Image-2025-01-30-at-10.57.26-AM-768x644.jpeg 768w, https:\/\/cienciadigitaleditorial.com\/congresos\/wp-content\/uploads\/2025\/01\/WhatsApp-Image-2025-01-30-at-10.57.26-AM-1536x1287.jpeg 1536w, https:\/\/cienciadigitaleditorial.com\/congresos\/wp-content\/uploads\/2025\/01\/WhatsApp-Image-2025-01-30-at-10.57.26-AM.jpeg 1600w\" sizes=\"(max-width: 300px) 100vw, 300px\" \/>\t\t\t\t<\/div><!-- .profile-header END -->\n\t\t\t\t\t\t\t<\/a>\n\t\t\t\t\t\t\n\n\t\t\t\t<div class=\"profile-body\">\n\t\t\t\t\t\n\t\t\t\t\t<h2 class=\"profile-title\">\n\t\t\t\t\t\t\t\t\t\t\t<a aria-label=\"profile\" href=\"javascript:void(0)\" data-mfp-src=\"#ekit_team_modal_561fddf_28\" class=\"ekit-team-popup\">\n\t\t\t\t\t\tDr. Carlos Sarmiento\t\t\t\t\t\t<\/a>\n\t\t\t\t\t\t\t\t\t\t\t<\/h2>\n\t\t\t\t\t<p class=\"profile-designation\">Innovacion Educativa e Inteligencia Artiificial<\/p>\n\t\t\t\t\t\t\t\t\t<\/div><!-- .profile-body END -->\n\n\t\t\t\t\t\t\t\t\t<div class=\"profile-footer\">\n\t\t\t\t\t\t<ul class=\"ekit-team-social-list\">\n\t\t\t<li class=\"elementor-repeater-item-1ee3eff\">\n\t\t\t<a href=\"https:\/\/drive.google.com\/file\/d\/1Gc3RXRMsDB---_KRMzVmegUGlNdYwKln\/view?usp=sharing\" target=\"_blank\" aria-label=\"Facebook\">\n\t\t\t\t<i aria-hidden=\"true\" class=\"icon icon-Profile\"><\/i>\t\t\t<\/a>\n\t\t<\/li>\n\t<\/ul>\n\t\t\t\t\t<\/div>\n\t\t\t\t\t\t\t\t\t<\/div>\n\t\t\t\t <\/div> \t\t\t\n\t\t\t\n\t\t\t\t\t<div class=\"zoom-anim-dialog mfp-hide elementskit-team-popup team-popup-id-561fddf\" id=\"ekit_team_modal_561fddf_28\" tabindex=\"-1\" role=\"dialog\" aria-hidden=\"true\">\n\t\t\t\t<div class=\"modal-dialog modal-dialog-centered\" role=\"document\">\n\t\t\t\t\t<div class=\"modal-content\">\n\t\t\t\t\t\t<button type=\"button\" class=\"ekit-team-modal-close\">\n\t\t\t\t\t\t\t<svg aria-hidden=\"true\" class=\"e-font-icon-svg e-fas-times\" viewBox=\"0 0 352 512\" xmlns=\"http:\/\/www.w3.org\/2000\/svg\"><path d=\"M242.72 256l100.07-100.07c12.28-12.28 12.28-32.19 0-44.48l-22.24-22.24c-12.28-12.28-32.19-12.28-44.48 0L176 189.28 75.93 89.21c-12.28-12.28-32.19-12.28-44.48 0L9.21 111.45c-12.28 12.28-12.28 32.19 0 44.48L109.28 256 9.21 356.07c-12.28 12.28-12.28 32.19 0 44.48l22.24 22.24c12.28 12.28 32.2 12.28 44.48 0L176 322.72l100.07 100.07c12.28 12.28 32.2 12.28 44.48 0l22.24-22.24c12.28-12.28 12.28-32.19 0-44.48L242.72 256z\"><\/path><\/svg>\t\t\t\t\t\t<\/button>\n\n\t\t\t\t\t\t<div class=\"modal-body\">\n\t\t\t\t\t\t\t\t\t\t\t\t\t\t\t<div class=\"ekit-team-modal-img\">\n\t\t\t\t\t\t\t\t\t<img decoding=\"async\" width=\"300\" height=\"251\" src=\"https:\/\/cienciadigitaleditorial.com\/congresos\/wp-content\/uploads\/2025\/01\/WhatsApp-Image-2025-01-30-at-10.57.26-AM-300x251.jpeg\" class=\"attachment-medium size-medium wp-image-290\" alt=\"\" srcset=\"https:\/\/cienciadigitaleditorial.com\/congresos\/wp-content\/uploads\/2025\/01\/WhatsApp-Image-2025-01-30-at-10.57.26-AM-300x251.jpeg 300w, https:\/\/cienciadigitaleditorial.com\/congresos\/wp-content\/uploads\/2025\/01\/WhatsApp-Image-2025-01-30-at-10.57.26-AM-1024x858.jpeg 1024w, https:\/\/cienciadigitaleditorial.com\/congresos\/wp-content\/uploads\/2025\/01\/WhatsApp-Image-2025-01-30-at-10.57.26-AM-768x644.jpeg 768w, https:\/\/cienciadigitaleditorial.com\/congresos\/wp-content\/uploads\/2025\/01\/WhatsApp-Image-2025-01-30-at-10.57.26-AM-1536x1287.jpeg 1536w, https:\/\/cienciadigitaleditorial.com\/congresos\/wp-content\/uploads\/2025\/01\/WhatsApp-Image-2025-01-30-at-10.57.26-AM.jpeg 1600w\" sizes=\"(max-width: 300px) 100vw, 300px\" \/>\t\t\t\t\t\t\t\t<\/div>\n\t\t\t\t\t\t\t\n\t\t\t\t\t\t\t<div class=\"ekit-team-modal-info has-img\">\n\t\t\t\t\t\t\t\t<h2 class=\"ekit-team-modal-title\">Dr. Carlos Sarmiento<\/h2>\n\t\t\t\t\t\t\t\t<p class=\"ekit-team-modal-position\">Innovacion Educativa e Inteligencia Artiificial<\/p>\n\t\t\t\t\t\t\t\t\n\t\t\t\t\t\t\t\t<div class=\"ekit-team-modal-content\">\n\t\t\t\t\t\t\t\t\t\u2022 CONTADOR PUBLICO\n\u2022 TECNICO SUPERIOR EN INFORMATICA ESPECIALIZACION PROGRAMACION DE SISTEMAS\n\u2022 LICENCIADO EN CONTABILIDAD Y AUDITORIA\n\u2022 INGENIERO COMERCIAL\n\u2022 ESPECIALISTA EN POLITICAS Y GESTION DESCENTRALIZADA EN EDUCACION\n\u2022 MAGISTER EN GESTION DE PROYECTOS\n\u2022 MAGISTER EN EDUCACION SUPERIOR INVESTIGACION E INNOVACIONES PEDAGOGICAS\n\u2022 PHD\n\n\t\t\t\t\t\t\t\t<\/div>\n\n\t\t\t\t\t\t\t\t\t\t\t\t\t\t\t\t\t<ul class=\"ekit-team-modal-list\">\n\t\t\t\t\t\t\t\t\t\t\t\t\t\t\t\t\t\t\t\t\t<li><strong>Phone:<\/strong><a href=\"tel:0992165280\">0992165280<\/a><\/li>\n\t\t\t\t\t\t\t\t\t\t\n\t\t\t\t\t\t\t\t\t\t\t\t\t\t\t\t\t\t\t\t\t<li><strong>Email:<\/strong><a href=\"mailto:carlosarmientos@hotmail.com\">carlosarmientos@hotmail.com<\/a><\/li>\n\t\t\t\t\t\t\t\t\t\t\t\t\t\t\t\t\t\t\t<\/ul>\n\t\t\t\t\t\t\t\t\t\t\t\t\t\t\t\t\n\t\t\t\t\t\t\t\t<ul class=\"ekit-team-social-list\">\n\t\t\t<li class=\"elementor-repeater-item-1ee3eff\">\n\t\t\t<a href=\"https:\/\/drive.google.com\/file\/d\/1Gc3RXRMsDB---_KRMzVmegUGlNdYwKln\/view?usp=sharing\" target=\"_blank\" aria-label=\"Facebook\">\n\t\t\t\t<i aria-hidden=\"true\" class=\"icon icon-Profile\"><\/i>\t\t\t<\/a>\n\t\t<\/li>\n\t<\/ul>\n\t\t\t\t\t\t\t<\/div>\n\t\t\t\t\t\t<\/div>\n\t\t\t\t\t<\/div>\n\t\t\t\t<\/div>\n\t\t\t<\/div>\n\t\t\t\t<\/div>\t\t\t\t<\/div>\n\t\t\t\t<\/div>\n\t\t\t\t<div class=\"elementor-element elementor-element-a9147f6 elementor-widget elementor-widget-elementskit-team\" data-id=\"a9147f6\" data-element_type=\"widget\" data-widget_type=\"elementskit-team.default\">\n\t\t\t\t<div class=\"elementor-widget-container\">\n\t\t\t\t\t<div class=\"ekit-wid-con\">\t\t\t\t\t\t <div class=\"profile-square-v square-v6 no_gutters\"> \t\t\n\t\t<div class=\"profile-card elementor-animation- text-center ekit-team-style-long_height_details\">\n\t\t\t\t\t\t\n\t\t\t\t<div class=\"profile-header ekit-team-img \" >\n\t\t\t\t\t<img loading=\"lazy\" decoding=\"async\" width=\"195\" height=\"241\" src=\"https:\/\/cienciadigitaleditorial.com\/congresos\/wp-content\/uploads\/2025\/01\/docsofia.png\" class=\"attachment-large size-large wp-image-285\" alt=\"\" \/>\t\t\t\t<\/div><!-- .profile-header END -->\n\t\t\t\t\t\t\n\n\t\t\t\t<div class=\"profile-body\">\n\t\t\t\t\t\n\t\t\t\t\t<h2 class=\"profile-title\">\n\t\t\t\t\t\t\t\t\t\t\tPh.D. Sofia Jacome\t\t\t\t\t\t\t\t\t\t<\/h2>\n\t\t\t\t\t<p class=\"profile-designation\">Pedagogia Digital<\/p>\n\t\t\t\t\t\t\t\t\t<\/div><!-- .profile-body END -->\n\n\t\t\t\t\t\t\t\t\t<div class=\"profile-footer\">\n\t\t\t\t\t\t<ul class=\"ekit-team-social-list\">\n\t\t\t<li class=\"elementor-repeater-item-1ee3eff\">\n\t\t\t<a href=\"https:\/\/drive.google.com\/file\/d\/1Gc3RXRMsDB---_KRMzVmegUGlNdYwKln\/view?usp=sharing\" target=\"_blank\" aria-label=\"Facebook\">\n\t\t\t\t<i aria-hidden=\"true\" class=\"icon icon-Profile\"><\/i>\t\t\t<\/a>\n\t\t<\/li>\n\t<\/ul>\n\t\t\t\t\t<\/div>\n\t\t\t\t\t\t\t\t\t<\/div>\n\t\t\t\t <\/div> \t\t\t\n\t\t\t\n\t\t\t\t<\/div>\t\t\t\t<\/div>\n\t\t\t\t<\/div>\n\t\t\t\t<\/div>\n\t\t\t\t\t<\/div>\n\t\t\t\t<\/div>\n\t\t\t\t<\/div>\n\t\t","protected":false},"excerpt":{"rendered":"<p>Expertos en su campo, l\u00edderes en conocimiento.. Nuestros ponentes son reconocidos profesionales, investigadores y l\u00edderes en las \u00e1reas de coaching, educaci\u00f3n, innovaci\u00f3n, tecnolog\u00eda y marketing. Dr. Juan Eduardo Anzules Ballesteros Doctor en Teolog\u00eda \u2022 Ph.D. (E) Filosof\u00eda &amp; Liderazgo Educativo Dr. Juan Eduardo Anzules Ballesteros Doctor en Teolog\u00eda \u2022 Ph.D. (E) Filosof\u00eda &amp; Liderazgo Educativo \u2022 Doctor en Teolog\u00eda \u2022 [&hellip;]<\/p>\n","protected":false},"author":1,"featured_media":0,"parent":0,"menu_order":0,"comment_status":"closed","ping_status":"closed","template":"elementor_header_footer","meta":{"footnotes":""},"class_list":["post-28","page","type-page","status-publish","hentry"],"_links":{"self":[{"href":"https:\/\/cienciadigitaleditorial.com\/congresos\/wp-json\/wp\/v2\/pages\/28","targetHints":{"allow":["GET"]}}],"collection":[{"href":"https:\/\/cienciadigitaleditorial.com\/congresos\/wp-json\/wp\/v2\/pages"}],"about":[{"href":"https:\/\/cienciadigitaleditorial.com\/congresos\/wp-json\/wp\/v2\/types\/page"}],"author":[{"embeddable":true,"href":"https:\/\/cienciadigitaleditorial.com\/congresos\/wp-json\/wp\/v2\/users\/1"}],"replies":[{"embeddable":true,"href":"https:\/\/cienciadigitaleditorial.com\/congresos\/wp-json\/wp\/v2\/comments?post=28"}],"version-history":[{"count":13,"href":"https:\/\/cienciadigitaleditorial.com\/congresos\/wp-json\/wp\/v2\/pages\/28\/revisions"}],"predecessor-version":[{"id":644,"href":"https:\/\/cienciadigitaleditorial.com\/congresos\/wp-json\/wp\/v2\/pages\/28\/revisions\/644"}],"wp:attachment":[{"href":"https:\/\/cienciadigitaleditorial.com\/congresos\/wp-json\/wp\/v2\/media?parent=28"}],"curies":[{"name":"wp","href":"https:\/\/api.w.org\/{rel}","templated":true}]}}