{"id":30,"date":"2025-01-09T16:28:06","date_gmt":"2025-01-09T21:28:06","guid":{"rendered":"https:\/\/cienciadigitaleditorial.com\/congresos\/?page_id=30"},"modified":"2025-01-14T16:17:43","modified_gmt":"2025-01-14T21:17:43","slug":"formatos","status":"publish","type":"page","link":"https:\/\/cienciadigitaleditorial.com\/congresos\/formatos\/","title":{"rendered":"Formatos"},"content":{"rendered":"\t\t<div data-elementor-type=\"wp-page\" data-elementor-id=\"30\" class=\"elementor elementor-30\">\n\t\t\t\t\t\t<section class=\"elementor-section elementor-top-section elementor-element elementor-element-611cae8a elementor-section-boxed elementor-section-height-default elementor-section-height-default\" data-id=\"611cae8a\" data-element_type=\"section\" id=\"xs_cta_style_16\">\n\t\t\t\t\t\t<div class=\"elementor-container elementor-column-gap-default\">\n\t\t\t\t\t<div class=\"elementor-column elementor-col-100 elementor-top-column elementor-element elementor-element-478321cc\" data-id=\"478321cc\" data-element_type=\"column\">\n\t\t\t<div class=\"elementor-widget-wrap elementor-element-populated\">\n\t\t\t\t\t\t<div class=\"elementor-element elementor-element-275b7d79 elementor-widget elementor-widget-elementskit-heading\" data-id=\"275b7d79\" data-element_type=\"widget\" data-widget_type=\"elementskit-heading.default\">\n\t\t\t\t<div class=\"elementor-widget-container\">\n\t\t\t\t\t<div class=\"ekit-wid-con\" ><div class=\"ekit-heading elementskit-section-title-wraper text_center   ekit_heading_tablet-   ekit_heading_mobile-\"><h2 class=\"ekit-heading--title elementskit-section-title \">\u00a1Bienvenido a la secci\u00f3n de descargas!<\/h2><div class=\"ekit_heading_separetor_wraper ekit_heading_elementskit-border-divider\"><div class=\"elementskit-border-divider\"><\/div><\/div>\t\t\t\t<div class='ekit-heading__description'>\n\t\t\t\t\t<p><span style=\"font-weight: 400\">Aqu\u00ed encontrar\u00e1s todos los archivos y formatos necesarios para participar en nuestro congreso.<\/span><\/p>\n\t\t\t\t<\/div>\n\t\t\t<\/div><\/div>\t\t\t\t<\/div>\n\t\t\t\t<\/div>\n\t\t\t\t<section class=\"elementor-section elementor-inner-section elementor-element elementor-element-23e57836 elementor-section-full_width elementor-section-height-default elementor-section-height-default\" data-id=\"23e57836\" data-element_type=\"section\">\n\t\t\t\t\t\t<div class=\"elementor-container elementor-column-gap-default\">\n\t\t\t\t\t<div class=\"elementor-column elementor-col-50 elementor-inner-column elementor-element elementor-element-1e22a289\" data-id=\"1e22a289\" data-element_type=\"column\">\n\t\t\t<div class=\"elementor-widget-wrap elementor-element-populated\">\n\t\t\t\t\t\t<div class=\"elementor-element elementor-element-1b369713 elementor-widget elementor-widget-elementskit-heading\" data-id=\"1b369713\" data-element_type=\"widget\" data-widget_type=\"elementskit-heading.default\">\n\t\t\t\t<div class=\"elementor-widget-container\">\n\t\t\t\t\t<div class=\"ekit-wid-con\" ><div class=\"ekit-heading elementskit-section-title-wraper text_left   ekit_heading_tablet-   ekit_heading_mobile-\"><h2 class=\"ekit-heading--title elementskit-section-title \">Descarga los recursos que <span><span>necesitas <\/span><\/span><\/h2>\t\t\t\t<div class='ekit-heading__description'>\n\t\t\t\t\t<p>Desde la agenda del evento hasta los formatos para el env\u00edo de ponencias, todo est\u00e1 disponible para ti.<\/p>\n\t\t\t\t<\/div>\n\t\t\t<\/div><\/div>\t\t\t\t<\/div>\n\t\t\t\t<\/div>\n\t\t\t\t\t<\/div>\n\t\t<\/div>\n\t\t\t\t<div class=\"elementor-column elementor-col-50 elementor-inner-column elementor-element elementor-element-793b34ac\" data-id=\"793b34ac\" data-element_type=\"column\">\n\t\t\t<div class=\"elementor-widget-wrap elementor-element-populated\">\n\t\t\t\t\t\t<div class=\"elementor-element elementor-element-481afa53 elementor-align-right elementor-align--mobilecenter elementor-widget elementor-widget-elementskit-button\" data-id=\"481afa53\" data-element_type=\"widget\" data-widget_type=\"elementskit-button.default\">\n\t\t\t\t<div class=\"elementor-widget-container\">\n\t\t\t\t\t<div class=\"ekit-wid-con\" >\t\t<div class=\"ekit-btn-wraper\">\n\t\t\t\t\t\t\t<a href=\"https:\/\/docs.google.com\/document\/d\/1ginNjvObss39mhjFbgBkxAoKvX_uXQ9o\/edit?usp=drive_link&#038;ouid=110826698282616142176&#038;rtpof=true&#038;sd=true\" class=\"elementskit-btn  whitespace--normal\" id=\"\">\n\t\t\t\t\tFormato de ponencia o articulo\t\t\t\t<\/a>\n\t\t\t\t\t<\/div>\n        <\/div>\t\t\t\t<\/div>\n\t\t\t\t<\/div>\n\t\t\t\t<div class=\"elementor-element elementor-element-907b602 elementor-align--mobilecenter elementor-align-center elementor-widget elementor-widget-elementskit-button\" data-id=\"907b602\" data-element_type=\"widget\" data-widget_type=\"elementskit-button.default\">\n\t\t\t\t<div class=\"elementor-widget-container\">\n\t\t\t\t\t<div class=\"ekit-wid-con\" >\t\t<div class=\"ekit-btn-wraper\">\n\t\t\t\t\t\t\t<a href=\"https:\/\/drive.google.com\/file\/d\/1Ze7Xaab9kvcxGmeQpvvFGD0DDxgtmHzf\/view?usp=drive_link\" class=\"elementskit-btn  whitespace--normal\" id=\"\">\n\t\t\t\t\tFormato p\u00f3ster\t\t\t\t<\/a>\n\t\t\t\t\t<\/div>\n        <\/div>\t\t\t\t<\/div>\n\t\t\t\t<\/div>\n\t\t\t\t<div class=\"elementor-element elementor-element-bc90134 elementor-align-right elementor-align--mobilecenter elementor-widget elementor-widget-elementskit-button\" data-id=\"bc90134\" data-element_type=\"widget\" data-widget_type=\"elementskit-button.default\">\n\t\t\t\t<div class=\"elementor-widget-container\">\n\t\t\t\t\t<div class=\"ekit-wid-con\" >\t\t<div class=\"ekit-btn-wraper\">\n\t\t\t\t\t\t\t<a href=\"https:\/\/docs.google.com\/document\/d\/1ya3Z1He4biyBapSLjEtOuOeSMTrwyHqo\/edit?usp=sharing&#038;ouid=110826698282616142176&#038;rtpof=true&#038;sd=true\" class=\"elementskit-btn  whitespace--normal\" id=\"\">\n\t\t\t\t\tInformaci\u00f3n del congreso\t\t\t\t<\/a>\n\t\t\t\t\t<\/div>\n        <\/div>\t\t\t\t<\/div>\n\t\t\t\t<\/div>\n\t\t\t\t<div class=\"elementor-element elementor-element-6c7d892 elementor-align-right elementor-align--mobilecenter elementor-widget elementor-widget-elementskit-button\" data-id=\"6c7d892\" data-element_type=\"widget\" data-widget_type=\"elementskit-button.default\">\n\t\t\t\t<div class=\"elementor-widget-container\">\n\t\t\t\t\t<div class=\"ekit-wid-con\" >\t\t<div class=\"ekit-btn-wraper\">\n\t\t\t\t\t\t\t<a href=\"https:\/\/drive.google.com\/file\/d\/1YKN5iQVUkldcALU_dW0awqZ-BJiM3YBJ\/view\" class=\"elementskit-btn  whitespace--normal\" id=\"\">\n\t\t\t\t\tLineamientos para la publicaci\u00f3n de la ponencia o articulo\t\t\t\t<\/a>\n\t\t\t\t\t<\/div>\n        <\/div>\t\t\t\t<\/div>\n\t\t\t\t<\/div>\n\t\t\t\t\t<\/div>\n\t\t<\/div>\n\t\t\t\t\t<\/div>\n\t\t<\/section>\n\t\t\t\t\t<\/div>\n\t\t<\/div>\n\t\t\t\t\t<\/div>\n\t\t<\/section>\n\t\t\t\t<\/div>\n\t\t","protected":false},"excerpt":{"rendered":"<p>\u00a1Bienvenido a la secci\u00f3n de descargas! Aqu\u00ed encontrar\u00e1s todos los archivos y formatos necesarios para participar en nuestro congreso. Descarga los recursos que necesitas Desde la agenda del evento hasta los formatos para el env\u00edo de ponencias, todo est\u00e1 disponible para ti. Formato de ponencia o articulo Formato p\u00f3ster Informaci\u00f3n del congreso Lineamientos para la publicaci\u00f3n de la ponencia o [&hellip;]<\/p>\n","protected":false},"author":1,"featured_media":0,"parent":0,"menu_order":0,"comment_status":"closed","ping_status":"closed","template":"elementor_header_footer","meta":{"footnotes":""},"class_list":["post-30","page","type-page","status-publish","hentry"],"_links":{"self":[{"href":"https:\/\/cienciadigitaleditorial.com\/congresos\/wp-json\/wp\/v2\/pages\/30","targetHints":{"allow":["GET"]}}],"collection":[{"href":"https:\/\/cienciadigitaleditorial.com\/congresos\/wp-json\/wp\/v2\/pages"}],"about":[{"href":"https:\/\/cienciadigitaleditorial.com\/congresos\/wp-json\/wp\/v2\/types\/page"}],"author":[{"embeddable":true,"href":"https:\/\/cienciadigitaleditorial.com\/congresos\/wp-json\/wp\/v2\/users\/1"}],"replies":[{"embeddable":true,"href":"https:\/\/cienciadigitaleditorial.com\/congresos\/wp-json\/wp\/v2\/comments?post=30"}],"version-history":[{"count":7,"href":"https:\/\/cienciadigitaleditorial.com\/congresos\/wp-json\/wp\/v2\/pages\/30\/revisions"}],"predecessor-version":[{"id":149,"href":"https:\/\/cienciadigitaleditorial.com\/congresos\/wp-json\/wp\/v2\/pages\/30\/revisions\/149"}],"wp:attachment":[{"href":"https:\/\/cienciadigitaleditorial.com\/congresos\/wp-json\/wp\/v2\/media?parent=30"}],"curies":[{"name":"wp","href":"https:\/\/api.w.org\/{rel}","templated":true}]}}