{"id":327,"date":"2025-02-03T16:16:51","date_gmt":"2025-02-03T21:16:51","guid":{"rendered":"https:\/\/cienciadigitaleditorial.com\/congresos\/?page_id=327"},"modified":"2025-02-03T16:38:02","modified_gmt":"2025-02-03T21:38:02","slug":"subida","status":"publish","type":"page","link":"https:\/\/cienciadigitaleditorial.com\/congresos\/subida\/","title":{"rendered":"Subida"},"content":{"rendered":"<script src=\"https:\/\/code.jquery.com\/jquery-1.10.2.js\"><\/script>\n\n<div style=\"width: 50%; height: 50%; margin: 0 auto; background-color: #e9f7ff; padding: 20px;\">  \n  <form action=\"https:\/\/cienciadigitaleditorial.com\/congresos\/js\/gestion\/subir.php\" method=\"post\" enctype=\"multipart\/form-data\">\n        <h4><b>Ingrese los datos para emitir la carta de recepci\u00f3n del articulo<\/b><\/h4>\n        <p><\/p>\n        <label>Titulo del articulo<\/label>\n         <p><\/p>\n        <textarea id=\"titulo\" style=\"width: 100%;\" type=\"text\" name=\"titulo\" required=\"\"><\/textarea>\n         <p><\/p>\n        <label>Autores (ingrese m\u00ednimo un autor y m\u00e1ximo 4)<\/label>\n         <table style=\"width: 95%; background:unset; border:0;\">\n\t<tbody>\n\t\t<tr>\n\t\t\t<th>N\u00b0<\/th>\n\t\t\t<th>Nombres y Apellidos<\/th>\n\t\t\t<th>Correo<\/th>\n\t\t<\/tr>\n\t\t<tr>\n\t\t\t<td>1<\/td>\n\t\t\t<td><textarea id=\"autor1\" type=\"text\" name=\"autor1\" required=\"\"><\/textarea><\/td>\n\t\t\t<td><textarea id=\"correo1\" type=\"email\" name=\"correo1\" required=\"\"><\/textarea><\/td>\n\t\t<\/tr>\n\t\t<tr>\n\t\t\t<td>2<\/td>\n\t\t\t<td><textarea id=\"autor2\" type=\"text\" name=\"autor2\"><\/textarea><\/td>\n\t\t\t<td><textarea id=\"correo2\" type=\"email\" name=\"correo2\"><\/textarea><\/td>\n\t\t<\/tr>\n\t\t<tr>\n\t\t\t<td>3<\/td>\n\t\t\t<td><textarea id=\"autor3\" type=\"text\" name=\"autor3\"><\/textarea><\/td>\n\t\t\t<td><textarea id=\"correo3\" type=\"email\" name=\"correo3\"><\/textarea><\/td>\n\t\t<\/tr>\n\t\t<tr>\n\t\t\t<td>4<\/td>\n\t\t\t<td><textarea id=\"autor4\" type=\"text\" name=\"autor4\"><\/textarea><\/td>\n\t\t\t<td><textarea id=\"correo4\" type=\"email\" name=\"correo4\"><\/textarea><\/td>\n\t\t<\/tr>\n\t<\/tbody>\n<\/table>\n         <p><\/p>\n        <textarea id=\"autores\" style=\"display: none;\" type=\"text\" name=\"autores\" placeholder=\"Ingrese los nombres y apellidos de los autores separados por una coma\"><\/textarea>\n         <p>Nota: Cada autor debe contar con un correo<\/p>\n         <p><\/p>   \n <div style=\"width: 100%; height: 50%; margin: 0 auto;background-color: #fffbc5; padding: 20px;\">   <label><b>Afiliaci\u00f3n del autor principal <\/b><\/label>\n<p><FONT SIZE=2.5><b>Nota:<\/b> Ingresar a que univerisidad o instituto de educaci\u00f3n pertenece. Ej: Universidad T\u00e9cnica de Ambato, Universidad Cat\u00f3lica, etc<\/font><\/p>\n         <p><\/p>\n        <input id=\"afiliacion\" type=\"text\" name=\"afiliacion\" style=\"width: 100%;\" required=\"\">    <\/div>\n\n      <div style=\"width: 100%; height: 50%; margin: 0 auto;background-color: #fffbc5; padding: 20px;\">   <label><b>Correo principal de contacto<\/b><\/label>\n<p><FONT SIZE=2.5><b>Nota:<\/b> Este Correo va a ser utilizado para las notificaciones y actualizaciones del estado de publicaci\u00f3n del art\u00edculo<\/font><\/p>\n         <p><\/p>\n        <input id=\"correos\" type=\"email\" name=\"correos\" style=\"width: 100%;\" required=\"\">    <\/div>\n         <p><\/p>\t\n          <label>Tel\u00e9fono de cont\u00e1cto:<\/label>\n         <p><\/p>\n        <input id=\"telefono\" type=\"number\" name=\"telefono\" style=\"width: 100%;\" required=\"\">    \n         <p><\/p>\t\n\n\n <p><\/p>\n        <p><b>Subir el archivo del articulo (solo en formatos .doc y .docx)<\/b><\/p>\n<p><b>Nota:<\/b> Antes de subir el archivo del articulo, formatearlo en el formato de la revista que elija, los formato de las revistas se encuentran en el siguiente link: <a href=\"https:\/\/drive.google.com\/drive\/folders\/1s-w0khDZIawTcPyJx0TcmegiIQrm_o-t?usp=sharing\" target=\"_blank\" rel=\"noopener noreferrer\">Descargar formatos<\/a><\/p>\n         <p><\/p>\n        <input type=\"file\" name=\"archivo\" accept=\".doc, .docx\" required=\"\">\n         <p><\/p>\n        <div style=\"width: 100%; height: 50%; margin: 0 auto;background-color: #fffbc5; padding: 20px;\"> <p><bold>Nota:<\/bold> Para que su envio se ha validado debe enviarse firmadas las cartas de originalidad por el autor principal, las cuales las encontrara en el siguiente link: <a href=\"https:\/\/docs.google.com\/document\/d\/17qqt1ku58KOWzifmOwmvuq96gbpouAKC\/edit?usp=sharing&amp;ouid=110826698282616142176&amp;rtpof=true&amp;sd=true\" target=\"_blank\" rel=\"noopener noreferrer\">Descargar<\/a><\/p>\n<p><\/p>\nSubir cartas firmadas: (Formato pdf)\n        <input type=\"file\" name=\"cartas\" accept=\".pdf\" required=\"\">\n<\/div>\n<p><\/p>\n\n\n        <p><\/p>\n        <button type=\"submit\">Enviar articulo<\/button>\n\n    <\/form>\n<\/div>","protected":false},"excerpt":{"rendered":"<p>Ingrese los datos para emitir la carta de recepci\u00f3n del articulo Titulo del articulo Autores (ingrese m\u00ednimo un autor y m\u00e1ximo 4) N\u00b0 Nombres y Apellidos Correo 1 2 3 4 Nota: Cada autor debe contar con un correo Afiliaci\u00f3n del autor principal Nota: Ingresar a que univerisidad o instituto de educaci\u00f3n pertenece. Ej: Universidad T\u00e9cnica de Ambato, Universidad Cat\u00f3lica, [&hellip;]<\/p>\n","protected":false},"author":1,"featured_media":0,"parent":0,"menu_order":0,"comment_status":"closed","ping_status":"closed","template":"elementor_header_footer","meta":{"footnotes":""},"class_list":["post-327","page","type-page","status-publish","hentry"],"_links":{"self":[{"href":"https:\/\/cienciadigitaleditorial.com\/congresos\/wp-json\/wp\/v2\/pages\/327","targetHints":{"allow":["GET"]}}],"collection":[{"href":"https:\/\/cienciadigitaleditorial.com\/congresos\/wp-json\/wp\/v2\/pages"}],"about":[{"href":"https:\/\/cienciadigitaleditorial.com\/congresos\/wp-json\/wp\/v2\/types\/page"}],"author":[{"embeddable":true,"href":"https:\/\/cienciadigitaleditorial.com\/congresos\/wp-json\/wp\/v2\/users\/1"}],"replies":[{"embeddable":true,"href":"https:\/\/cienciadigitaleditorial.com\/congresos\/wp-json\/wp\/v2\/comments?post=327"}],"version-history":[{"count":5,"href":"https:\/\/cienciadigitaleditorial.com\/congresos\/wp-json\/wp\/v2\/pages\/327\/revisions"}],"predecessor-version":[{"id":333,"href":"https:\/\/cienciadigitaleditorial.com\/congresos\/wp-json\/wp\/v2\/pages\/327\/revisions\/333"}],"wp:attachment":[{"href":"https:\/\/cienciadigitaleditorial.com\/congresos\/wp-json\/wp\/v2\/media?parent=327"}],"curies":[{"name":"wp","href":"https:\/\/api.w.org\/{rel}","templated":true}]}}